{"id":8966,"date":"2018-12-04T21:18:23","date_gmt":"2018-12-04T21:18:23","guid":{"rendered":"http:\/\/molnarpbs.com\/?page_id=8966"},"modified":"2020-05-13T19:08:35","modified_gmt":"2020-05-13T19:08:35","slug":"technik-po","status":"publish","type":"page","link":"https:\/\/jmmprojekt.sk\/?page_id=8966","title":{"rendered":"Technik PO"},"content":{"rendered":"\t\t<div data-elementor-type=\"wp-post\" data-elementor-id=\"8966\" class=\"elementor elementor-8966\" data-elementor-settings=\"[]\">\n\t\t\t\t\t\t<div class=\"elementor-inner\">\n\t\t\t\t\t\t\t<div class=\"elementor-section-wrap\">\n\t\t\t\t\t\t\t<section class=\"elementor-section elementor-top-section elementor-element elementor-element-beeb358 elementor-section-stretched elementor-section-height-min-height elementor-section-boxed elementor-section-height-default elementor-section-items-middle\" data-id=\"beeb358\" data-element_type=\"section\" data-settings=\"{&quot;stretch_section&quot;:&quot;section-stretched&quot;,&quot;background_background&quot;:&quot;classic&quot;}\">\n\t\t\t\t\t\t<div class=\"elementor-container elementor-column-gap-default\">\n\t\t\t\t\t\t\t<div class=\"elementor-row\">\n\t\t\t\t\t<div class=\"elementor-column elementor-col-100 elementor-top-column elementor-element elementor-element-4c589b2\" data-id=\"4c589b2\" data-element_type=\"column\">\n\t\t\t<div class=\"elementor-column-wrap\">\n\t\t\t\t\t\t\t<div class=\"elementor-widget-wrap\">\n\t\t\t\t\t\t\t\t<\/div>\n\t\t\t\t\t<\/div>\n\t\t<\/div>\n\t\t\t\t\t\t\t\t<\/div>\n\t\t\t\t\t<\/div>\n\t\t<\/section>\n\t\t\t\t<section class=\"elementor-section elementor-top-section elementor-element elementor-element-288afd0 elementor-section-stretched elementor-section-height-min-height elementor-section-boxed elementor-section-height-default elementor-section-items-middle\" data-id=\"288afd0\" data-element_type=\"section\" data-settings=\"{&quot;stretch_section&quot;:&quot;section-stretched&quot;}\">\n\t\t\t\t\t\t<div class=\"elementor-container elementor-column-gap-default\">\n\t\t\t\t\t\t\t<div class=\"elementor-row\">\n\t\t\t\t\t<div class=\"elementor-column elementor-col-100 elementor-top-column elementor-element elementor-element-0d642f2\" data-id=\"0d642f2\" data-element_type=\"column\">\n\t\t\t<div class=\"elementor-column-wrap elementor-element-populated\">\n\t\t\t\t\t\t\t<div class=\"elementor-widget-wrap\">\n\t\t\t\t\t\t<div class=\"elementor-element elementor-element-8b741ef elementor-widget elementor-widget-spacer\" data-id=\"8b741ef\" data-element_type=\"widget\" data-widget_type=\"spacer.default\">\n\t\t\t\t<div class=\"elementor-widget-container\">\n\t\t\t\t\t<div class=\"elementor-spacer\">\n\t\t\t<div class=\"elementor-spacer-inner\"><\/div>\n\t\t<\/div>\n\t\t\t\t<\/div>\n\t\t\t\t<\/div>\n\t\t\t\t<div class=\"elementor-element elementor-element-6d08fce elementor-widget elementor-widget-heading\" data-id=\"6d08fce\" data-element_type=\"widget\" data-widget_type=\"heading.default\">\n\t\t\t\t<div class=\"elementor-widget-container\">\n\t\t\t<h2 class=\"elementor-heading-title elementor-size-xl\">Technik PO<\/h2>\t\t<\/div>\n\t\t\t\t<\/div>\n\t\t\t\t<div class=\"elementor-element elementor-element-3e12252 elementor-widget-divider--view-line elementor-widget elementor-widget-divider\" data-id=\"3e12252\" data-element_type=\"widget\" data-widget_type=\"divider.default\">\n\t\t\t\t<div class=\"elementor-widget-container\">\n\t\t\t\t\t<div class=\"elementor-divider\">\n\t\t\t<span class=\"elementor-divider-separator\">\n\t\t\t\t\t\t<\/span>\n\t\t<\/div>\n\t\t\t\t<\/div>\n\t\t\t\t<\/div>\n\t\t\t\t<section class=\"elementor-section elementor-inner-section elementor-element elementor-element-2a34071 elementor-section-height-min-height elementor-section-boxed elementor-section-height-default\" data-id=\"2a34071\" data-element_type=\"section\">\n\t\t\t\t\t\t<div class=\"elementor-container elementor-column-gap-default\">\n\t\t\t\t\t\t\t<div class=\"elementor-row\">\n\t\t\t\t\t<div class=\"elementor-column elementor-col-50 elementor-inner-column elementor-element elementor-element-79fde22\" data-id=\"79fde22\" data-element_type=\"column\">\n\t\t\t<div class=\"elementor-column-wrap elementor-element-populated\">\n\t\t\t\t\t\t\t<div class=\"elementor-widget-wrap\">\n\t\t\t\t\t\t<div class=\"elementor-element elementor-element-41f1e93 elementor-widget elementor-widget-text-editor\" data-id=\"41f1e93\" data-element_type=\"widget\" data-widget_type=\"text-editor.default\">\n\t\t\t\t<div class=\"elementor-widget-container\">\n\t\t\t\t\t\t\t\t<div class=\"elementor-text-editor elementor-clearfix\">\n\t\t\t\t\t<p><strong>Zabezpe\u010d\u00edme pre v\u00e1s:<\/strong><\/p><p>&#8211; Za\u010dlenenie do kateg\u00f3rie po\u017eiarneho nebezpe\u010denstva<\/p><p>&#8211; Stanovenie podmienok po\u017eiarnej bezpe\u010dnosti<\/p><p>&#8211; Vykon\u00e1vanie prevent\u00edvnych protipo\u017eiarnych prehliadok pod\u013ea za\u010dlenenie do kateg\u00f3rie po\u017eiarneho nebezpe\u010denstva<\/p><p>&#8211; Odborn\u00e9 poradenstvo v PO<\/p><p>&#8211; Vstupn\u00e9 \u0161kolenia zamestnancov PO<\/p><p>&#8211; Periodick\u00e1 \u0161kolenia zamestnancov PO<\/p><p>&#8211; Periodick\u00e1 \u0161kolenie ved\u00facich zamestnancov PO<\/p><p>&#8211; Odborn\u00e1 pr\u00edprava prevent\u00edvnych po\u017eiarnych hliadok<\/p><p>&#8211; Odborn\u00e1 pr\u00edprava preventistov PO<\/p><p>&#8211; Spracovanie dokument\u00e1cie\u00a0 \u00a0po\u017eiarnej ochrany pod\u013ea\u00a0 \u00a0 \u00a0 \u00a0 \u00a0 \u00a0 za\u010dlenenia do kateg\u00f3rie po\u017eiarneho nebezpe\u010denstva:<\/p><p>&#8211; Projektov\u00e1 \u010dinnos\u0165 v oblasti PO<\/p><p>&#8211; Doh\u013ead po\u017eiarnej hliadky<\/p><p>&#8211; Rokovania s org\u00e1nmi \u0161t\u00e1tneho\u00a0 odborn\u00e9ho dozoru<\/p><p>&#8211; Sledovanie novo vydan\u00fdch z\u00e1konov, vyhl\u00e1\u0161ok, technick\u00fdch noriem a in\u00fdch zmien v oblasti<\/p>\t\t\t\t\t<\/div>\n\t\t\t\t\t\t<\/div>\n\t\t\t\t<\/div>\n\t\t\t\t\t\t<\/div>\n\t\t\t\t\t<\/div>\n\t\t<\/div>\n\t\t\t\t<div class=\"elementor-column elementor-col-50 elementor-inner-column elementor-element elementor-element-3399083\" data-id=\"3399083\" data-element_type=\"column\">\n\t\t\t<div class=\"elementor-column-wrap elementor-element-populated\">\n\t\t\t\t\t\t\t<div class=\"elementor-widget-wrap\">\n\t\t\t\t\t\t<div class=\"elementor-element elementor-element-ff5f801 elementor-widget elementor-widget-image\" data-id=\"ff5f801\" data-element_type=\"widget\" data-widget_type=\"image.default\">\n\t\t\t\t<div class=\"elementor-widget-container\">\n\t\t\t\t\t\t\t\t<div class=\"elementor-image\">\n\t\t\t\t\t\t\t\t\t\t\t\t<img width=\"784\" height=\"554\" src=\"https:\/\/jmmprojekt.sk\/wp-content\/uploads\/2018\/12\/protipoziarna_ochrana_41e6998b1b43b390@2x.jpg\" class=\"attachment-main-slider size-main-slider\" alt=\"\" loading=\"lazy\" srcset=\"https:\/\/jmmprojekt.sk\/wp-content\/uploads\/2018\/12\/protipoziarna_ochrana_41e6998b1b43b390@2x.jpg 784w, https:\/\/jmmprojekt.sk\/wp-content\/uploads\/2018\/12\/protipoziarna_ochrana_41e6998b1b43b390@2x-300x212.jpg 300w, https:\/\/jmmprojekt.sk\/wp-content\/uploads\/2018\/12\/protipoziarna_ochrana_41e6998b1b43b390@2x-768x543.jpg 768w\" sizes=\"(max-width: 784px) 100vw, 784px\" \/>\t\t\t\t\t\t\t\t\t\t\t\t\t\t<\/div>\n\t\t\t\t\t\t<\/div>\n\t\t\t\t<\/div>\n\t\t\t\t\t\t<\/div>\n\t\t\t\t\t<\/div>\n\t\t<\/div>\n\t\t\t\t\t\t\t\t<\/div>\n\t\t\t\t\t<\/div>\n\t\t<\/section>\n\t\t\t\t\t\t<\/div>\n\t\t\t\t\t<\/div>\n\t\t<\/div>\n\t\t\t\t\t\t\t\t<\/div>\n\t\t\t\t\t<\/div>\n\t\t<\/section>\n\t\t\t\t\t\t<\/div>\n\t\t\t\t\t\t<\/div>\n\t\t\t\t\t<\/div>\n\t\t","protected":false},"excerpt":{"rendered":"<p>Technik PO Zabezpe\u010d\u00edme pre v\u00e1s: &#8211; Za\u010dlenenie do kateg\u00f3rie po\u017eiarneho nebezpe\u010denstva &#8211; Stanovenie podmienok po\u017eiarnej bezpe\u010dnosti &#8211; Vykon\u00e1vanie prevent\u00edvnych protipo\u017eiarnych prehliadok pod\u013ea za\u010dlenenie do kateg\u00f3rie po\u017eiarneho nebezpe\u010denstva &#8211; Odborn\u00e9 poradenstvo v PO &#8211; Vstupn\u00e9 \u0161kolenia zamestnancov PO &#8211; Periodick\u00e1 \u0161kolenia zamestnancov PO &#8211; Periodick\u00e1 \u0161kolenie ved\u00facich zamestnancov PO &#8211; Odborn\u00e1 pr\u00edprava prevent\u00edvnych po\u017eiarnych hliadok &#8211; [&hellip;]<\/p>\n","protected":false},"author":1,"featured_media":0,"parent":0,"menu_order":0,"comment_status":"closed","ping_status":"closed","template":"elementor_header_footer","meta":[],"_links":{"self":[{"href":"https:\/\/jmmprojekt.sk\/index.php?rest_route=\/wp\/v2\/pages\/8966"}],"collection":[{"href":"https:\/\/jmmprojekt.sk\/index.php?rest_route=\/wp\/v2\/pages"}],"about":[{"href":"https:\/\/jmmprojekt.sk\/index.php?rest_route=\/wp\/v2\/types\/page"}],"author":[{"embeddable":true,"href":"https:\/\/jmmprojekt.sk\/index.php?rest_route=\/wp\/v2\/users\/1"}],"replies":[{"embeddable":true,"href":"https:\/\/jmmprojekt.sk\/index.php?rest_route=%2Fwp%2Fv2%2Fcomments&post=8966"}],"version-history":[{"count":19,"href":"https:\/\/jmmprojekt.sk\/index.php?rest_route=\/wp\/v2\/pages\/8966\/revisions"}],"predecessor-version":[{"id":9125,"href":"https:\/\/jmmprojekt.sk\/index.php?rest_route=\/wp\/v2\/pages\/8966\/revisions\/9125"}],"wp:attachment":[{"href":"https:\/\/jmmprojekt.sk\/index.php?rest_route=%2Fwp%2Fv2%2Fmedia&parent=8966"}],"curies":[{"name":"wp","href":"https:\/\/api.w.org\/{rel}","templated":true}]}}