{"id":8963,"date":"2018-12-04T21:17:55","date_gmt":"2018-12-04T21:17:55","guid":{"rendered":"http:\/\/molnarpbs.com\/?page_id=8963"},"modified":"2020-05-13T19:08:57","modified_gmt":"2020-05-13T19:08:57","slug":"riesenie-pbs","status":"publish","type":"page","link":"https:\/\/jmmprojekt.sk\/?page_id=8963","title":{"rendered":"Rie\u0161enie PBS"},"content":{"rendered":"\t\t<div data-elementor-type=\"wp-post\" data-elementor-id=\"8963\" class=\"elementor elementor-8963\" data-elementor-settings=\"[]\">\n\t\t\t\t\t\t<div class=\"elementor-inner\">\n\t\t\t\t\t\t\t<div class=\"elementor-section-wrap\">\n\t\t\t\t\t\t\t<section class=\"elementor-section elementor-top-section elementor-element elementor-element-ae0b413 elementor-section-stretched elementor-section-height-min-height elementor-section-boxed elementor-section-height-default elementor-section-items-middle\" data-id=\"ae0b413\" data-element_type=\"section\" data-settings=\"{&quot;stretch_section&quot;:&quot;section-stretched&quot;,&quot;background_background&quot;:&quot;classic&quot;}\">\n\t\t\t\t\t\t<div class=\"elementor-container elementor-column-gap-default\">\n\t\t\t\t\t\t\t<div class=\"elementor-row\">\n\t\t\t\t\t<div class=\"elementor-column elementor-col-100 elementor-top-column elementor-element elementor-element-f9a543b\" data-id=\"f9a543b\" data-element_type=\"column\">\n\t\t\t<div class=\"elementor-column-wrap\">\n\t\t\t\t\t\t\t<div class=\"elementor-widget-wrap\">\n\t\t\t\t\t\t\t\t<\/div>\n\t\t\t\t\t<\/div>\n\t\t<\/div>\n\t\t\t\t\t\t\t\t<\/div>\n\t\t\t\t\t<\/div>\n\t\t<\/section>\n\t\t\t\t<section class=\"elementor-section elementor-top-section elementor-element elementor-element-ae7f767 elementor-section-stretched elementor-section-full_width elementor-section-height-default elementor-section-height-default\" data-id=\"ae7f767\" data-element_type=\"section\" data-settings=\"{&quot;stretch_section&quot;:&quot;section-stretched&quot;}\">\n\t\t\t\t\t\t<div class=\"elementor-container elementor-column-gap-default\">\n\t\t\t\t\t\t\t<div class=\"elementor-row\">\n\t\t\t\t\t<div class=\"elementor-column elementor-col-100 elementor-top-column elementor-element elementor-element-df160c0\" data-id=\"df160c0\" data-element_type=\"column\">\n\t\t\t<div class=\"elementor-column-wrap elementor-element-populated\">\n\t\t\t\t\t\t\t<div class=\"elementor-widget-wrap\">\n\t\t\t\t\t\t<div class=\"elementor-element elementor-element-df347c5 elementor-widget elementor-widget-spacer\" data-id=\"df347c5\" data-element_type=\"widget\" data-widget_type=\"spacer.default\">\n\t\t\t\t<div class=\"elementor-widget-container\">\n\t\t\t\t\t<div class=\"elementor-spacer\">\n\t\t\t<div class=\"elementor-spacer-inner\"><\/div>\n\t\t<\/div>\n\t\t\t\t<\/div>\n\t\t\t\t<\/div>\n\t\t\t\t<div class=\"elementor-element elementor-element-73b2ed1 elementor-widget elementor-widget-heading\" data-id=\"73b2ed1\" data-element_type=\"widget\" data-widget_type=\"heading.default\">\n\t\t\t\t<div class=\"elementor-widget-container\">\n\t\t\t<h2 class=\"elementor-heading-title elementor-size-xl\">Rie\u0161enie PBS - Protipo\u017eiarnej bezpe\u010dnosti stavieb<\/h2>\t\t<\/div>\n\t\t\t\t<\/div>\n\t\t\t\t<div class=\"elementor-element elementor-element-8a997c2 elementor-widget-divider--view-line elementor-widget elementor-widget-divider\" data-id=\"8a997c2\" data-element_type=\"widget\" data-widget_type=\"divider.default\">\n\t\t\t\t<div class=\"elementor-widget-container\">\n\t\t\t\t\t<div class=\"elementor-divider\">\n\t\t\t<span class=\"elementor-divider-separator\">\n\t\t\t\t\t\t<\/span>\n\t\t<\/div>\n\t\t\t\t<\/div>\n\t\t\t\t<\/div>\n\t\t\t\t<section class=\"elementor-section elementor-inner-section elementor-element elementor-element-0fdd61f elementor-section-boxed elementor-section-height-default elementor-section-height-default\" data-id=\"0fdd61f\" data-element_type=\"section\">\n\t\t\t\t\t\t<div class=\"elementor-container elementor-column-gap-default\">\n\t\t\t\t\t\t\t<div class=\"elementor-row\">\n\t\t\t\t\t<div class=\"elementor-column elementor-col-50 elementor-inner-column elementor-element elementor-element-eb0acd6\" data-id=\"eb0acd6\" data-element_type=\"column\">\n\t\t\t<div class=\"elementor-column-wrap elementor-element-populated\">\n\t\t\t\t\t\t\t<div class=\"elementor-widget-wrap\">\n\t\t\t\t\t\t<div class=\"elementor-element elementor-element-4573ccf elementor-widget elementor-widget-text-editor\" data-id=\"4573ccf\" data-element_type=\"widget\" data-widget_type=\"text-editor.default\">\n\t\t\t\t<div class=\"elementor-widget-container\">\n\t\t\t\t\t\t\t\t<div class=\"elementor-text-editor elementor-clearfix\">\n\t\t\t\t\t<p style=\"font-weight: 400;\">\u00a0Prostredn\u00edctvom osoby s odbornou sp\u00f4sobilos\u0165ou &#8211;\u00a0<strong>\u0160pecialista po\u017eiarnej ochrany<\/strong>, poskytujeme na\u0161im z\u00e1kazn\u00edkom rie\u0161enia protipo\u017eiarnej bezpe\u010dnosti stavieb pri zmene \u00fa\u010delu u\u017e\u00edvania priestoru, rekon\u0161trukci\u00e1ch, \u010di novostavb\u00e1ch \u2013 projekt protipo\u017eiarnej bezpe\u010dnosti stavby .<\/p><p style=\"font-weight: 400;\">Zabezpe\u010dujeme \u0161irok\u00fd rozsah\u00a0projektovej dokument\u00e1cie:<\/p><ul><li style=\"font-weight: 400;\">\u00fazemn\u00e9 rozhodnutie<\/li><li style=\"font-weight: 400;\">stavebn\u00e9 povolenie<\/li><li style=\"font-weight: 400;\">tendrov\u00e1 dokument\u00e1cia<\/li><li style=\"font-weight: 400;\">realiza\u010dn\u00fd projekt<\/li><li style=\"font-weight: 400;\">autorsk\u00fd dozor na stavbe<\/li><li style=\"font-weight: 400;\">vypracovanie anal\u00fdzy nebezpe\u010denstva vzniku po\u017eiaru<\/li><li style=\"font-weight: 400;\">pos\u00fadenie technol\u00f3gie<\/li><li style=\"font-weight: 400;\">poradenstvo<\/li><li style=\"font-weight: 400;\">ostatn\u00e9 slu\u017eby<\/li><li style=\"font-weight: 400;\">Dokument\u00e1ciu vypracov\u00e1vam pre v\u0161etky typy stavieb:<\/li><li style=\"font-weight: 400;\">v\u00fdrobn\u00e9 objekty<\/li><li style=\"font-weight: 400;\">nev\u00fdrobn\u00e9 stavby<\/li><li style=\"font-weight: 400;\">sklady v jednopodla\u017en\u00fdch stavb\u00e1ch<\/li><li style=\"font-weight: 400;\">po\u013enohospod\u00e1rke objekty<\/li><li style=\"font-weight: 400;\">pos\u00fadenie technol\u00f3gii, vr\u00e1tane otvorenej technol\u00f3gie<\/li><li style=\"font-weight: 400;\">stavby na ubytovanie a\u00a0b\u00fdvanie skupiny A\u00a0a\u00a0B : rodinn\u00e9 domy, ubytovne , hotely , atd&#8230;.<\/li><li style=\"font-weight: 400;\">zmeny stavieb<\/li><\/ul><div><p style=\"font-weight: 400;\"><strong>Protipo\u017eiarna bezpe\u010dnos\u0165 stavieb<\/strong> &#8211; je schopnos\u0165 stavebn\u00fdch objektov br\u00e1ni\u0165 strat\u00e1m na \u017eivotoch a zdrav\u00ed os\u00f4b a strat\u00e1m na majetku v pr\u00edpade po\u017eiaru.<br \/>Ka\u017ed\u00e1 pr\u00e1vnick\u00e1 osoba a fyzick\u00e1 osoba &#8211; podnikate\u013e m\u00e1 povinnosti na \u00faseku ochrany pred po\u017eiarmi pod\u013ea \u00a7 4 p\u00edsm. k)\u00a0<a href=\"http:\/\/www.firecontrol.sk\/-legislativa_poziarnej_ochrany\" data-saferedirecturl=\"https:\/\/www.google.com\/url?q=http:\/\/www.firecontrol.sk\/-legislativa_poziarnej_ochrany&amp;source=gmail&amp;ust=1544458417692000&amp;usg=AFQjCNFhd4RMoiVyl7GpBr0GPlIQ8rVEfQ\">z\u00e1kona NR SR \u010d. 314\/2001 Z.z.<\/a>\u00a0o ochrane pred po\u017eiarmi v znen\u00ed neskor\u0161\u00edch predpisov, t.j.\u00a0zabezpe\u010di\u0165, aby sa pri vyprac\u00favan\u00ed projektovej dokument\u00e1cie stavieb, pri uskuto\u010d\u0148ovan\u00ed stavieb a pri ich u\u017e\u00edvan\u00ed, ako aj pri zmene u\u017e\u00edvania stavieb rie\u0161ili a dodr\u017eiavali po\u017eiadavky protipo\u017eiarnej bezpe\u010dnosti stavieb; po\u017eiadavky na protipo\u017eiarnu bezpe\u010dnos\u0165 stavieb pri projektovan\u00ed stavieb, uskuto\u010d\u0148ovan\u00ed stavieb, u\u017e\u00edvan\u00ed stavieb a\u00a0zmene v\u00a0u\u017e\u00edvan\u00ed stavieb ustanov\u00ed v\u0161eobecne z\u00e1v\u00e4zn\u00fd pr\u00e1vny predpis, ktor\u00fd vyd\u00e1 ministerstvo. Tieto povinnosti zabezpe\u010duje prostredn\u00edctvom odborne sp\u00f4sobilej osoby, t.j. \u0161pecialistom po\u017eiarnej ochrany, vypracovan\u00edm rie\u0161enia protipo\u017eiarnej bezpe\u010dnosti stavby v projektovej dokument\u00e1cii stavieb &#8211; projekt po\u017eiarnej ochrany.<\/p><p><strong>Stavebn\u00fd objekt z h\u013eadiska protipo\u017eiarnej bezpe\u010dnosti mus\u00ed &#8211; Protipo\u017eiarna bezpe\u010dnos\u0165 stavieb:<\/strong><\/p><ul><li style=\"font-weight: 400;\">zabezpe\u010di\u0165 na ur\u010dit\u00fd \u010das po\u017eadovan\u00fa stabilitu a nosnos\u0165<\/li><li style=\"font-weight: 400;\">umo\u017eni\u0165 bezpe\u010dn\u00fa evaku\u00e1ciu os\u00f4b<\/li><li style=\"font-weight: 400;\">umo\u017eni\u0165 odvod tepla a splod\u00edn horenia<\/li><li style=\"font-weight: 400;\">zabr\u00e1ni\u0165 \u0161\u00edreniu po\u017eiaru medzi po\u017eiarnymi \u00fasekmi v stavbe, alebo na in\u00fa stavbu<\/li><li style=\"font-weight: 400;\">umo\u017eni\u0165 \u00fa\u010dinn\u00fd a bezpe\u010dn\u00fd z\u00e1sah hasi\u010dskej jednotke<\/li><\/ul><p style=\"font-weight: 400;\"><strong>Rie\u0161enie po\u017eiarnej bezpe\u010dnosti stavieb v projektovej dokument\u00e1cii obsahu:<\/strong><\/p><ul><li style=\"font-weight: 400;\">\u010dlenenie stavby na po\u017eiarne \u00faseky<\/li><li style=\"font-weight: 400;\">ur\u010denie po\u017eiarneho rizika<\/li><li style=\"font-weight: 400;\">ur\u010denie po\u017eiadaviek na kon\u0161trukcie stavby<\/li><li style=\"font-weight: 400;\">ur\u010denie po\u017eiadaviek na evaku\u00e1ciu os\u00f4b a zvierat<\/li><li style=\"font-weight: 400;\">ur\u010denie po\u017eiadaviek na \u00fanikov\u00e9 cesty<\/li><li style=\"font-weight: 400;\">ur\u010denie odstupov\u00fdch vzdialenost\u00ed<\/li><li style=\"font-weight: 400;\">ur\u010denie po\u017eiarnobezpe\u010dnostn\u00fdch opatren\u00ed<\/li><li style=\"font-weight: 400;\">ur\u010denie zariaden\u00ed na z\u00e1sah<\/li><\/ul><p style=\"font-weight: 400;\"><strong>Protipo\u017eiarna bezpe\u010dnos\u0165 stavieb sa dosahuje vhodn\u00fdm:<\/strong><\/p><ul><li style=\"font-weight: 400;\">urbanistick\u00fdm rie\u0161en\u00edm<\/li><li style=\"font-weight: 400;\">dispozi\u010dn\u00fdm rie\u0161en\u00edm<\/li><li style=\"font-weight: 400;\">kon\u0161truk\u010dn\u00fdm rie\u0161en\u00edm<\/li><li style=\"font-weight: 400;\">materi\u00e1lov\u00fdm rie\u0161en\u00edm<\/li><li style=\"font-weight: 400;\">po\u017eiarne bezpe\u010dnostn\u00fdmi opatreniami<\/li><\/ul><p style=\"font-weight: 400;\"><strong>Podklady potrebn\u00e9 pre vypracovanie projektu po\u017eiarnej bezpe\u010dnosti stavby &#8211; \u0160pecialista po\u017eiarnej ochrany:<\/strong><\/p><ul><li style=\"font-weight: 400;\">p\u00f4dorysy jednotliv\u00fdch podla\u017e\u00ed stavby v mierke, s k\u00f3tami, s legendou (\u00fa\u010del) a plochou (v m2) miestnost\u00ed<\/li><li style=\"font-weight: 400;\">rez stavby<\/li><li style=\"font-weight: 400;\">situ\u00e1cia<\/li><li style=\"font-weight: 400;\">technick\u00e1 spr\u00e1va &#8211; opis (materi\u00e1ly) zvisl\u00fdch a vodorovn\u00fdch stavebn\u00fdch kon\u0161trukci\u00ed (steny, stropy)<\/li><li style=\"font-weight: 400;\">ostatn\u00e1 projektov\u00e1 dokument\u00e1cia\u00a0<\/li><\/ul><\/div>\t\t\t\t\t<\/div>\n\t\t\t\t\t\t<\/div>\n\t\t\t\t<\/div>\n\t\t\t\t\t\t<\/div>\n\t\t\t\t\t<\/div>\n\t\t<\/div>\n\t\t\t\t<div class=\"elementor-column elementor-col-50 elementor-inner-column elementor-element elementor-element-1876e18\" data-id=\"1876e18\" data-element_type=\"column\">\n\t\t\t<div class=\"elementor-column-wrap elementor-element-populated\">\n\t\t\t\t\t\t\t<div class=\"elementor-widget-wrap\">\n\t\t\t\t\t\t<div class=\"elementor-element elementor-element-7fdf852 elementor-widget elementor-widget-image\" data-id=\"7fdf852\" data-element_type=\"widget\" data-widget_type=\"image.default\">\n\t\t\t\t<div class=\"elementor-widget-container\">\n\t\t\t\t\t\t\t\t<div class=\"elementor-image\">\n\t\t\t\t\t\t\t\t\t\t\t\t<img width=\"960\" height=\"638\" src=\"https:\/\/jmmprojekt.sk\/wp-content\/uploads\/2018\/12\/spec.PO_-1024x680.jpg\" class=\"attachment-large size-large\" alt=\"\" loading=\"lazy\" srcset=\"https:\/\/jmmprojekt.sk\/wp-content\/uploads\/2018\/12\/spec.PO_-1024x680.jpg 1024w, https:\/\/jmmprojekt.sk\/wp-content\/uploads\/2018\/12\/spec.PO_-300x199.jpg 300w, https:\/\/jmmprojekt.sk\/wp-content\/uploads\/2018\/12\/spec.PO_-768x510.jpg 768w, https:\/\/jmmprojekt.sk\/wp-content\/uploads\/2018\/12\/spec.PO_.jpg 1099w\" sizes=\"(max-width: 960px) 100vw, 960px\" \/>\t\t\t\t\t\t\t\t\t\t\t\t\t\t<\/div>\n\t\t\t\t\t\t<\/div>\n\t\t\t\t<\/div>\n\t\t\t\t\t\t<\/div>\n\t\t\t\t\t<\/div>\n\t\t<\/div>\n\t\t\t\t\t\t\t\t<\/div>\n\t\t\t\t\t<\/div>\n\t\t<\/section>\n\t\t\t\t\t\t<\/div>\n\t\t\t\t\t<\/div>\n\t\t<\/div>\n\t\t\t\t\t\t\t\t<\/div>\n\t\t\t\t\t<\/div>\n\t\t<\/section>\n\t\t\t\t\t\t<\/div>\n\t\t\t\t\t\t<\/div>\n\t\t\t\t\t<\/div>\n\t\t","protected":false},"excerpt":{"rendered":"<p>Rie\u0161enie PBS &#8211; Protipo\u017eiarnej bezpe\u010dnosti stavieb \u00a0Prostredn\u00edctvom osoby s odbornou sp\u00f4sobilos\u0165ou &#8211;\u00a0\u0160pecialista po\u017eiarnej ochrany, poskytujeme na\u0161im z\u00e1kazn\u00edkom rie\u0161enia protipo\u017eiarnej bezpe\u010dnosti stavieb pri zmene \u00fa\u010delu u\u017e\u00edvania priestoru, rekon\u0161trukci\u00e1ch, \u010di novostavb\u00e1ch \u2013 projekt protipo\u017eiarnej bezpe\u010dnosti stavby . Zabezpe\u010dujeme \u0161irok\u00fd rozsah\u00a0projektovej dokument\u00e1cie: \u00fazemn\u00e9 rozhodnutie stavebn\u00e9 povolenie tendrov\u00e1 dokument\u00e1cia realiza\u010dn\u00fd projekt autorsk\u00fd dozor na stavbe vypracovanie anal\u00fdzy nebezpe\u010denstva vzniku [&hellip;]<\/p>\n","protected":false},"author":1,"featured_media":0,"parent":0,"menu_order":0,"comment_status":"closed","ping_status":"closed","template":"elementor_header_footer","meta":[],"_links":{"self":[{"href":"https:\/\/jmmprojekt.sk\/index.php?rest_route=\/wp\/v2\/pages\/8963"}],"collection":[{"href":"https:\/\/jmmprojekt.sk\/index.php?rest_route=\/wp\/v2\/pages"}],"about":[{"href":"https:\/\/jmmprojekt.sk\/index.php?rest_route=\/wp\/v2\/types\/page"}],"author":[{"embeddable":true,"href":"https:\/\/jmmprojekt.sk\/index.php?rest_route=\/wp\/v2\/users\/1"}],"replies":[{"embeddable":true,"href":"https:\/\/jmmprojekt.sk\/index.php?rest_route=%2Fwp%2Fv2%2Fcomments&post=8963"}],"version-history":[{"count":10,"href":"https:\/\/jmmprojekt.sk\/index.php?rest_route=\/wp\/v2\/pages\/8963\/revisions"}],"predecessor-version":[{"id":9126,"href":"https:\/\/jmmprojekt.sk\/index.php?rest_route=\/wp\/v2\/pages\/8963\/revisions\/9126"}],"wp:attachment":[{"href":"https:\/\/jmmprojekt.sk\/index.php?rest_route=%2Fwp%2Fv2%2Fmedia&parent=8963"}],"curies":[{"name":"wp","href":"https:\/\/api.w.org\/{rel}","templated":true}]}}