{"id":701,"date":"2011-05-20T18:49:43","date_gmt":"2011-05-21T01:49:43","guid":{"rendered":"http:\/\/wpthemetestdata.wordpress.com\/?page_id=701"},"modified":"2020-05-13T18:56:44","modified_gmt":"2020-05-13T18:56:44","slug":"front-page","status":"publish","type":"page","link":"https:\/\/jmmprojekt.sk\/","title":{"rendered":"\u00davod"},"content":{"rendered":"\t\t<div data-elementor-type=\"wp-post\" data-elementor-id=\"701\" class=\"elementor elementor-701\" data-elementor-settings=\"[]\">\n\t\t\t\t\t\t<div class=\"elementor-inner\">\n\t\t\t\t\t\t\t<div class=\"elementor-section-wrap\">\n\t\t\t\t\t\t\t<section class=\"elementor-section elementor-top-section elementor-element elementor-element-b933edb elementor-section-height-min-height elementor-section-stretched elementor-section-boxed elementor-section-height-default elementor-section-items-middle\" data-id=\"b933edb\" data-element_type=\"section\" data-settings=\"{&quot;background_background&quot;:&quot;classic&quot;,&quot;stretch_section&quot;:&quot;section-stretched&quot;}\">\n\t\t\t\t\t\t\t<div class=\"elementor-background-overlay\"><\/div>\n\t\t\t\t\t\t\t<div class=\"elementor-container elementor-column-gap-default\">\n\t\t\t\t\t\t\t<div class=\"elementor-row\">\n\t\t\t\t\t<div class=\"elementor-column elementor-col-100 elementor-top-column elementor-element elementor-element-0cfe166\" data-id=\"0cfe166\" data-element_type=\"column\" data-settings=\"{&quot;background_background&quot;:&quot;classic&quot;}\">\n\t\t\t<div class=\"elementor-column-wrap elementor-element-populated\">\n\t\t\t\t\t\t\t<div class=\"elementor-widget-wrap\">\n\t\t\t\t\t\t<div class=\"elementor-element elementor-element-1d106e2 elementor-widget elementor-widget-heading\" data-id=\"1d106e2\" data-element_type=\"widget\" data-widget_type=\"heading.default\">\n\t\t\t\t<div class=\"elementor-widget-container\">\n\t\t\t<h2 class=\"elementor-heading-title elementor-size-xl\">Zabezpe\u010d\u00edme v\u00e1m komplexn\u00e9 vypracovanie dokument\u00e1cie protipo\u017eiarnej bezpe\u010dnosti stavby pre \u00fazemn\u00e9 konanie, stavebn\u00e9 povolenie a realiza\u010dn\u00fd projekt <\/h2>\t\t<\/div>\n\t\t\t\t<\/div>\n\t\t\t\t\t\t<\/div>\n\t\t\t\t\t<\/div>\n\t\t<\/div>\n\t\t\t\t\t\t\t\t<\/div>\n\t\t\t\t\t<\/div>\n\t\t<\/section>\n\t\t\t\t<section class=\"elementor-section elementor-top-section elementor-element elementor-element-e286eef elementor-section-stretched elementor-section-height-min-height elementor-section-boxed elementor-section-height-default elementor-section-items-middle\" data-id=\"e286eef\" data-element_type=\"section\" data-settings=\"{&quot;stretch_section&quot;:&quot;section-stretched&quot;,&quot;background_background&quot;:&quot;classic&quot;}\">\n\t\t\t\t\t\t<div class=\"elementor-container elementor-column-gap-default\">\n\t\t\t\t\t\t\t<div class=\"elementor-row\">\n\t\t\t\t\t<div class=\"elementor-column elementor-col-100 elementor-top-column elementor-element elementor-element-df4ae52\" data-id=\"df4ae52\" data-element_type=\"column\">\n\t\t\t<div class=\"elementor-column-wrap elementor-element-populated\">\n\t\t\t\t\t\t\t<div class=\"elementor-widget-wrap\">\n\t\t\t\t\t\t<section class=\"elementor-section elementor-inner-section elementor-element elementor-element-54c1696 elementor-section-height-min-height elementor-section-boxed elementor-section-height-default\" data-id=\"54c1696\" data-element_type=\"section\">\n\t\t\t\t\t\t<div class=\"elementor-container elementor-column-gap-default\">\n\t\t\t\t\t\t\t<div class=\"elementor-row\">\n\t\t\t\t\t<div class=\"elementor-column elementor-col-50 elementor-inner-column elementor-element elementor-element-b83071a\" data-id=\"b83071a\" data-element_type=\"column\">\n\t\t\t<div class=\"elementor-column-wrap elementor-element-populated\">\n\t\t\t\t\t\t\t<div class=\"elementor-widget-wrap\">\n\t\t\t\t\t\t<div class=\"elementor-element elementor-element-95e62e4 elementor-widget elementor-widget-text-editor\" data-id=\"95e62e4\" data-element_type=\"widget\" data-widget_type=\"text-editor.default\">\n\t\t\t\t<div class=\"elementor-widget-container\">\n\t\t\t\t\t\t\t\t<div class=\"elementor-text-editor elementor-clearfix\">\n\t\t\t\t\t<p>Na\u0161e slu\u017eby<\/p>\t\t\t\t\t<\/div>\n\t\t\t\t\t\t<\/div>\n\t\t\t\t<\/div>\n\t\t\t\t<div class=\"elementor-element elementor-element-d7060d5 elementor-widget elementor-widget-text-editor\" data-id=\"d7060d5\" data-element_type=\"widget\" data-widget_type=\"text-editor.default\">\n\t\t\t\t<div class=\"elementor-widget-container\">\n\t\t\t\t\t\t\t\t<div class=\"elementor-text-editor elementor-clearfix\">\n\t\t\t\t\t<p><strong>\u0160pecialista PO<\/strong> spolupracuje s architektmi a developermi na nov\u00fdch projektoch, zabezpe\u010duje inovat\u00edvne rie\u0161enia vr\u00e1tane komunik\u00e1cie a ods\u00fahlasenie s \u00faradmi<\/p>\t\t\t\t\t<\/div>\n\t\t\t\t\t\t<\/div>\n\t\t\t\t<\/div>\n\t\t\t\t<div class=\"elementor-element elementor-element-f6aeae5 elementor-widget elementor-widget-text-editor\" data-id=\"f6aeae5\" data-element_type=\"widget\" data-widget_type=\"text-editor.default\">\n\t\t\t\t<div class=\"elementor-widget-container\">\n\t\t\t\t\t\t\t\t<div class=\"elementor-text-editor elementor-clearfix\">\n\t\t\t\t\t<p><strong>PBS &#8211;\u00a0<\/strong>\u00a0<strong>Protipo\u017eiarna bezpe\u010dnos\u0165 stavieb<\/strong>\u00a0je schopnos\u0165 stavebn\u00fdch objektov br\u00e1ni\u0165 strat\u00e1m na \u017eivotoch a zdrav\u00ed os\u00f4b a strat\u00e1m na majetku v pr\u00edpade po\u017eiaru.\u00a0Zabezpe\u010d\u00edme v\u00e1m komplexn\u00e9 vypracovanie dokument\u00e1cie protipo\u017eiarnej bezpe\u010dnosti stavby pre \u00fazemn\u00e9 konanie, stavebn\u00e9 povolenie a\u00a0realiza\u010dn\u00fd projekt<\/p>\t\t\t\t\t<\/div>\n\t\t\t\t\t\t<\/div>\n\t\t\t\t<\/div>\n\t\t\t\t<div class=\"elementor-element elementor-element-9e4b87e elementor-widget elementor-widget-spacer\" data-id=\"9e4b87e\" data-element_type=\"widget\" data-widget_type=\"spacer.default\">\n\t\t\t\t<div class=\"elementor-widget-container\">\n\t\t\t\t\t<div class=\"elementor-spacer\">\n\t\t\t<div class=\"elementor-spacer-inner\"><\/div>\n\t\t<\/div>\n\t\t\t\t<\/div>\n\t\t\t\t<\/div>\n\t\t\t\t<div class=\"elementor-element elementor-element-8c59a2a elementor-widget elementor-widget-text-editor\" data-id=\"8c59a2a\" data-element_type=\"widget\" data-widget_type=\"text-editor.default\">\n\t\t\t\t<div class=\"elementor-widget-container\">\n\t\t\t\t\t\t\t\t<div class=\"elementor-text-editor elementor-clearfix\">\n\t\t\t\t\t<p><strong>Technik PO<\/strong> v r\u00e1mci prevencie v po\u017eiarnej ochrane za\u010dlen\u00edme vami prev\u00e1dzkovan\u00e9 \u010dinnosti do kateg\u00f3rie po\u017eiarneho nebezpe\u010denstva a zabezpe\u010d\u00edme potrebn\u00e9 n\u00e1le\u017eitosti v s\u00falade s platnou legislat\u00edvou prostredn\u00edctvom kvalifikovan\u00fdch odborn\u00edkov. Zabezpe\u010d\u00edme, aby ste sa mohli s\u00fastredi\u0165 na predmet v\u00e1\u0161ho podnikania, zatia\u013e co my sa budeme stara\u0165 o po\u017eiarnu prevenciu<\/p>\t\t\t\t\t<\/div>\n\t\t\t\t\t\t<\/div>\n\t\t\t\t<\/div>\n\t\t\t\t<div class=\"elementor-element elementor-element-69843a6 elementor-widget elementor-widget-spacer\" data-id=\"69843a6\" data-element_type=\"widget\" data-widget_type=\"spacer.default\">\n\t\t\t\t<div class=\"elementor-widget-container\">\n\t\t\t\t\t<div class=\"elementor-spacer\">\n\t\t\t<div class=\"elementor-spacer-inner\"><\/div>\n\t\t<\/div>\n\t\t\t\t<\/div>\n\t\t\t\t<\/div>\n\t\t\t\t<div class=\"elementor-element elementor-element-7e805d8 elementor-widget elementor-widget-text-editor\" data-id=\"7e805d8\" data-element_type=\"widget\" data-widget_type=\"text-editor.default\">\n\t\t\t\t<div class=\"elementor-widget-container\">\n\t\t\t\t\t\t\t\t<div class=\"elementor-text-editor elementor-clearfix\">\n\t\t\t\t\t<p><strong>U n\u00e1s<\/strong>\u00a0si m\u00f4\u017eete zak\u00fapi\u0165 r\u00f4zne bezpe\u010dnostn\u00e9 zariadenia, ktor\u00e9 sp\u013a\u0148aj\u00fa najvy\u0161\u0161iu kvalitu bezpe\u010dnosti.<\/p>\t\t\t\t\t<\/div>\n\t\t\t\t\t\t<\/div>\n\t\t\t\t<\/div>\n\t\t\t\t<div class=\"elementor-element elementor-element-1a90a58 elementor-widget elementor-widget-text-editor\" data-id=\"1a90a58\" data-element_type=\"widget\" data-widget_type=\"text-editor.default\">\n\t\t\t\t<div class=\"elementor-widget-container\">\n\t\t\t\t\t\t\t\t<div class=\"elementor-text-editor elementor-clearfix\">\n\t\t\t\t\t\t\t\t\t\t<\/div>\n\t\t\t\t\t\t<\/div>\n\t\t\t\t<\/div>\n\t\t\t\t<div class=\"elementor-element elementor-element-82f0fa8 elementor-widget elementor-widget-text-editor\" data-id=\"82f0fa8\" data-element_type=\"widget\" data-widget_type=\"text-editor.default\">\n\t\t\t\t<div class=\"elementor-widget-container\">\n\t\t\t\t\t\t\t\t<div class=\"elementor-text-editor elementor-clearfix\">\n\t\t\t\t\t\t\t\t\t\t<\/div>\n\t\t\t\t\t\t<\/div>\n\t\t\t\t<\/div>\n\t\t\t\t\t\t<\/div>\n\t\t\t\t\t<\/div>\n\t\t<\/div>\n\t\t\t\t<div class=\"elementor-column elementor-col-50 elementor-inner-column elementor-element elementor-element-03380ca\" data-id=\"03380ca\" data-element_type=\"column\" data-settings=\"{&quot;background_background&quot;:&quot;classic&quot;}\">\n\t\t\t<div class=\"elementor-column-wrap elementor-element-populated\">\n\t\t\t\t\t\t\t<div class=\"elementor-widget-wrap\">\n\t\t\t\t\t\t<div class=\"elementor-element elementor-element-a9d6226 elementor-widget elementor-widget-image\" data-id=\"a9d6226\" data-element_type=\"widget\" data-widget_type=\"image.default\">\n\t\t\t\t<div class=\"elementor-widget-container\">\n\t\t\t\t\t\t\t\t<div class=\"elementor-image\">\n\t\t\t\t\t\t\t\t\t\t\t\t<img width=\"960\" height=\"600\" src=\"https:\/\/jmmprojekt.sk\/wp-content\/uploads\/2018\/07\/3d-Architecture-Home-Design-Wallpaper-1024x640.jpg\" class=\"attachment-large size-large\" alt=\"\" loading=\"lazy\" srcset=\"https:\/\/jmmprojekt.sk\/wp-content\/uploads\/2018\/07\/3d-Architecture-Home-Design-Wallpaper-1024x640.jpg 1024w, https:\/\/jmmprojekt.sk\/wp-content\/uploads\/2018\/07\/3d-Architecture-Home-Design-Wallpaper-300x188.jpg 300w, https:\/\/jmmprojekt.sk\/wp-content\/uploads\/2018\/07\/3d-Architecture-Home-Design-Wallpaper-768x480.jpg 768w, https:\/\/jmmprojekt.sk\/wp-content\/uploads\/2018\/07\/3d-Architecture-Home-Design-Wallpaper.jpg 1600w\" sizes=\"(max-width: 960px) 100vw, 960px\" \/>\t\t\t\t\t\t\t\t\t\t\t\t\t\t<\/div>\n\t\t\t\t\t\t<\/div>\n\t\t\t\t<\/div>\n\t\t\t\t\t\t<\/div>\n\t\t\t\t\t<\/div>\n\t\t<\/div>\n\t\t\t\t\t\t\t\t<\/div>\n\t\t\t\t\t<\/div>\n\t\t<\/section>\n\t\t\t\t\t\t<\/div>\n\t\t\t\t\t<\/div>\n\t\t<\/div>\n\t\t\t\t\t\t\t\t<\/div>\n\t\t\t\t\t<\/div>\n\t\t<\/section>\n\t\t\t\t\t\t<\/div>\n\t\t\t\t\t\t<\/div>\n\t\t\t\t\t<\/div>\n\t\t","protected":false},"excerpt":{"rendered":"<p>Zabezpe\u010d\u00edme v\u00e1m komplexn\u00e9 vypracovanie dokument\u00e1cie protipo\u017eiarnej bezpe\u010dnosti stavby pre \u00fazemn\u00e9 konanie, stavebn\u00e9 povolenie a realiza\u010dn\u00fd projekt Na\u0161e slu\u017eby \u0160pecialista PO spolupracuje s architektmi a developermi na nov\u00fdch projektoch, zabezpe\u010duje inovat\u00edvne rie\u0161enia vr\u00e1tane komunik\u00e1cie a ods\u00fahlasenie s \u00faradmi PBS &#8211;\u00a0\u00a0Protipo\u017eiarna bezpe\u010dnos\u0165 stavieb\u00a0je schopnos\u0165 stavebn\u00fdch objektov br\u00e1ni\u0165 strat\u00e1m na \u017eivotoch a zdrav\u00ed os\u00f4b a strat\u00e1m na majetku [&hellip;]<\/p>\n","protected":false},"author":1,"featured_media":0,"parent":0,"menu_order":0,"comment_status":"open","ping_status":"closed","template":"","meta":[],"_links":{"self":[{"href":"https:\/\/jmmprojekt.sk\/index.php?rest_route=\/wp\/v2\/pages\/701"}],"collection":[{"href":"https:\/\/jmmprojekt.sk\/index.php?rest_route=\/wp\/v2\/pages"}],"about":[{"href":"https:\/\/jmmprojekt.sk\/index.php?rest_route=\/wp\/v2\/types\/page"}],"author":[{"embeddable":true,"href":"https:\/\/jmmprojekt.sk\/index.php?rest_route=\/wp\/v2\/users\/1"}],"replies":[{"embeddable":true,"href":"https:\/\/jmmprojekt.sk\/index.php?rest_route=%2Fwp%2Fv2%2Fcomments&post=701"}],"version-history":[{"count":216,"href":"https:\/\/jmmprojekt.sk\/index.php?rest_route=\/wp\/v2\/pages\/701\/revisions"}],"predecessor-version":[{"id":9116,"href":"https:\/\/jmmprojekt.sk\/index.php?rest_route=\/wp\/v2\/pages\/701\/revisions\/9116"}],"wp:attachment":[{"href":"https:\/\/jmmprojekt.sk\/index.php?rest_route=%2Fwp%2Fv2%2Fmedia&parent=701"}],"curies":[{"name":"wp","href":"https:\/\/api.w.org\/{rel}","templated":true}]}}